{"id":2404,"date":"2025-04-19T15:16:07","date_gmt":"2025-04-19T15:16:07","guid":{"rendered":"https:\/\/herenortherepub.com\/?page_id=2404"},"modified":"2025-06-10T01:35:34","modified_gmt":"2025-06-10T01:35:34","slug":"dear-readers","status":"publish","type":"page","link":"https:\/\/herenortherepub.com\/esp\/dear-readers\/","title":{"rendered":"Queridos lectores"},"content":{"rendered":"<div data-elementor-type=\"wp-page\" data-elementor-id=\"2404\" class=\"elementor elementor-2404\" data-elementor-post-type=\"page\">\n\t\t\t\t<div class=\"elementor-element elementor-element-e86e1ec elementor-hidden-mobile e-flex e-con-boxed e-con e-parent\" data-id=\"e86e1ec\" data-element_type=\"container\" data-e-type=\"container\" data-settings=\"{&quot;background_background&quot;:&quot;classic&quot;}\">\n\t\t\t\t\t<div class=\"e-con-inner\">\n\t\t\t\t<div class=\"elementor-element elementor-element-20d63e2 elementor-widget elementor-widget-heading\" data-id=\"20d63e2\" data-element_type=\"widget\" data-e-type=\"widget\" data-widget_type=\"heading.default\">\n\t\t\t\t<div class=\"elementor-widget-container\">\n\t\t\t\t\t<h2 class=\"elementor-heading-title elementor-size-default\">Carta a nuestros lectores<\/h2>\t\t\t\t<\/div>\n\t\t\t\t<\/div>\n\t\t\t\t\t<\/div>\n\t\t\t\t<\/div>\n\t\t<div class=\"elementor-element elementor-element-8424df4 elementor-hidden-desktop elementor-hidden-tablet e-flex e-con-boxed e-con e-parent\" data-id=\"8424df4\" data-element_type=\"container\" data-e-type=\"container\" data-settings=\"{&quot;background_background&quot;:&quot;classic&quot;}\">\n\t\t\t\t\t<div class=\"e-con-inner\">\n\t\t\t\t<div class=\"elementor-element elementor-element-bfadd9b elementor-widget elementor-widget-heading\" data-id=\"bfadd9b\" data-element_type=\"widget\" data-e-type=\"widget\" data-widget_type=\"heading.default\">\n\t\t\t\t<div class=\"elementor-widget-container\">\n\t\t\t\t\t<h2 class=\"elementor-heading-title elementor-size-default\">Carta a nuestros lectores<\/h2>\t\t\t\t<\/div>\n\t\t\t\t<\/div>\n\t\t\t\t\t<\/div>\n\t\t\t\t<\/div>\n\t\t<div class=\"elementor-element elementor-element-2475e10 e-flex e-con-boxed e-con e-parent\" data-id=\"2475e10\" data-element_type=\"container\" data-e-type=\"container\">\n\t\t\t\t\t<div class=\"e-con-inner\">\n\t\t\t\t<div class=\"elementor-element elementor-element-48d2741 elementor-widget elementor-widget-text-editor\" data-id=\"48d2741\" data-element_type=\"widget\" data-e-type=\"widget\" data-widget_type=\"text-editor.default\">\n\t\t\t\t<div class=\"elementor-widget-container\">\n\t\t\t\t\t\t\t\t\t<p style=\"text-align: center;\">Durante mi estancia en Per\u00fa, visit\u00e9 el pueblo donde naci\u00f3 y creci\u00f3 mi padre, un pueblo en los Andes del Norte. Mi familia y yo fuimos a buscar tr\u00e9boles de cuatro hojas. Nunca hab\u00eda visto uno, pero los Andes est\u00e1n llenos de ellos. Sent\u00ed much\u00edsima felicidad en ese momento. Fotograf\u00eda tomada en <span class=\"OYPEnA font-feature-liga-off font-feature-clig-off font-feature-calt-off text-decoration-none text-strikethrough-none\">Wamachuko (Huamachuco), 2023.\u00a0<\/span><\/p>\t\t\t\t\t\t\t\t<\/div>\n\t\t\t\t<\/div>\n\t\t\t\t\t<\/div>\n\t\t\t\t<\/div>\n\t\t<div class=\"elementor-element elementor-element-aa3093a e-flex e-con-boxed e-con e-parent\" data-id=\"aa3093a\" data-element_type=\"container\" data-e-type=\"container\">\n\t\t\t\t\t<div class=\"e-con-inner\">\n\t\t\t\t<div class=\"elementor-element elementor-element-e0ed384 elementor-widget elementor-widget-text-editor\" data-id=\"e0ed384\" data-element_type=\"widget\" data-e-type=\"widget\" data-widget_type=\"text-editor.default\">\n\t\t\t\t<div class=\"elementor-widget-container\">\n\t\t\t\t\t\t\t\t\t<p>Queridos lectores,\u00a0<\/p><p><span style=\"font-weight: 400;\">Durante el \u00faltimo a\u00f1o, este proyecto ha sido una labor de amor y una prueba de disciplina, y finalmente est\u00e1 listo. Es un honor para m\u00ed darles la bienvenida. <\/span><strong><i>La edici\u00f3n inaugural<\/i> de <i>\"Ni aqu\u00ed ni all\u00e1: imaginaciones de los inmigrantes.\"<\/i><\/strong><span style=\"font-weight: 400;\">Y les presentamos a nuestra primer grupo de Colaboradores de la di\u00e1spora, cuyo trabajo es el motor y el coraz\u00f3n de esta iniciativa. Desde un fot\u00f3grafo que fusiona dos realidades en una, hasta un guionista que retrata las historias y los traumas ocultos que arrastran muchas familias inmigrantes, estos colaboradores muestran un mosaico de realidades entrelazadas que hacen ser parte de la comunidad inmigrante sea la parte m\u00e1s significativa de nuestras vidas, pero tambi\u00e9n la m\u00e1s agotadora.\u00a0\u00a0\u00a0<\/span><\/p><p><i><span style=\"font-weight: 400;\">\"Ni Aqu\u00ed Ni All\u00e1\"<\/span><\/i><span style=\"font-weight: 400;\"> naci\u00f3 en un a\u00f1o, en una d\u00e9cada tumultuosa de mi vida. Hab\u00eda regresado de pasar un a\u00f1o en el extranjero, en Per\u00fa, donde me reencontr\u00e9 con mi familia y sent\u00ed un amor y un cari\u00f1o que dos d\u00e9cadas de distancia no pudieron disipar. Pero, al mismo tiempo, esta inmensa alegr\u00eda se mezclaba con una persistente incomodidad y un dolor profundo y paralizante que no pod\u00eda quitarme de encima. Estas eran las heridas persistentes y atroces que hab\u00eda enterrado, y que apenas estaban aflorando.\u00a0<\/span><\/p><p><span style=\"font-weight: 400;\">Estar separado del n\u00facleo cultural de mi familia durante tanto tiempo, sin siquiera poder visitarlos por culpa de los tr\u00e1mites administrativos, me ro\u00eda el coraz\u00f3n. Experiencias, conocimientos y relaciones perdidas me rodeaban cada vez que me acercaba. Me hac\u00eda imposible mirar al pasado sin sentirme desolada, y encontrar la manera de procesar estas emociones, era absolutamente necesario.\u00a0<\/span><\/p><p><span style=\"font-weight: 400;\">Hubo momentos en los que no pude contener las l\u00e1grimas, pero tambi\u00e9n momentos en los que me atrev\u00ed a esperar que estas heridas profundas pudieran ser curadas, como cuando bail\u00e9 huayno con mi familia, toqu\u00e9 el saxof\u00f3n con mi t\u00edo Rey o cocin\u00e9 arroz de trigo con cuy con mi familia.<\/span><b>.<\/b><span style=\"font-weight: 400;\"> Estos ritmos y sabores familiares que hab\u00eda experimentado toda mi vida se llenaron con una nueva vitalidad, ahora que les di el tiempo, la atenci\u00f3n y el cuidado que necesitaban.<\/span><b>. <\/b><span style=\"font-weight: 400;\">Decid\u00ed que cuando regresara a Estados Unidos no me permitir\u00eda olvidar todo lo que soy m\u00e1s all\u00e1 de sus asfixiantes fronteras, y todo lo que podr\u00eda ser.\u00a0<\/span><\/p><p><span style=\"font-weight: 400;\">Y ah\u00ed es donde naci\u00f3 <\/span><i><span style=\"font-weight: 400;\">\"Ni aqu\u00ed ni all\u00e1: imaginaciones de los inmigrantes.\"<\/span><\/i><span style=\"font-weight: 400;\"> Surgi\u00f3 de una profunda convicci\u00f3n de que estas leyes y fronteras brutales pueden intentar impedirnos vivir estas experiencias innatamente humanas, pero jam\u00e1s lo lograr\u00e1n. Pueden intentar simplificar nuestras identidades y hacernos encajar en cajas est\u00e9riles y fr\u00edas que no dejan espacio para la complejidad ni la vitalidad de nuestras identidades, pero fracasar\u00e1n. Pueden intentar que nos preocupemos por encajar en su molde de ser lo suficientemente \"merecedores\" como para merecer la libertad de movernos, la libertad de no estar separados de nuestras familias y la libertad de simplemente existir sin miedo, pero los desafiaremos.<\/span><\/p><p><span style=\"font-weight: 400;\">No hace falta decir que estamos lanzando <\/span><i><span style=\"font-weight: 400;\">\"Ni Aqu\u00ed Ni All\u00e1\"<\/span><\/i><span style=\"font-weight: 400;\"> en medio de una realidad pol\u00edtica y social devastadora para nuestras comunidades, inmigrantes y refugiados que est\u00e1n siendo silenciados, detenidos y deportados. Pero esta terrible realidad subraya la necesidad de... <\/span><i><span style=\"font-weight: 400;\">\"Ni Aqu\u00ed Ni All\u00e1\"<\/span><\/i><span style=\"font-weight: 400;\">, una publicaci\u00f3n dedicada a publicar las diversas voces de los inmigrantes en nuestros propios t\u00e9rminos.\u00a0<\/span><\/p><p><span style=\"font-weight: 400;\">En esencia,<\/span><i><span style=\"font-weight: 400;\"> \"Ni Aqu\u00ed Ni All\u00e1\"<\/span><\/i><span style=\"font-weight: 400;\"> Se trata de desafiarnos a mostrar la belleza y las dificultades de formar parte de comunidades inmigrantes. Se trata de exponer nuestras heridas al mundo y, finalmente, darles la oportunidad de sanar. Se trata de desafiarnos a nosotros mismos para desafiar los estereotipos y la forma en que nos ense\u00f1an a pensar sobre qui\u00e9nes somos. Se trata de inspirar a nuestra comunidad a crear, bailar, escribir, sentir e imaginar sin l\u00edmites ni fronteras.\u00a0<\/span><\/p><p><span style=\"font-weight: 400;\">Gracias por pasar y leer. Esto es solo el principio.<\/span><\/p><p><span style=\"font-weight: 400;\">En solidaridad,\u00a0<\/span><\/p><p><span style=\"font-weight: 400;\">Emily Romero Gonz\u00e1lez<\/span><\/p>\t\t\t\t\t\t\t\t<\/div>\n\t\t\t\t<\/div>\n\t\t\t\t\t<\/div>\n\t\t\t\t<\/div>\n\t\t<div class=\"elementor-element elementor-element-cce5045 e-flex e-con-boxed e-con e-parent\" data-id=\"cce5045\" data-element_type=\"container\" data-e-type=\"container\">\n\t\t\t\t\t<div class=\"e-con-inner\">\n\t\t<div class=\"elementor-element elementor-element-5489d8b e-con-full e-flex e-con e-child\" data-id=\"5489d8b\" data-element_type=\"container\" data-e-type=\"container\">\n\t\t<div class=\"elementor-element elementor-element-56e3613 e-con-full e-flex e-con e-child\" data-id=\"56e3613\" data-element_type=\"container\" data-e-type=\"container\">\n\t\t\t\t<div class=\"elementor-element elementor-element-9f1d0e5 elementor-align-center elementor-widget elementor-widget-button\" data-id=\"9f1d0e5\" data-element_type=\"widget\" data-e-type=\"widget\" data-widget_type=\"button.default\">\n\t\t\t\t<div class=\"elementor-widget-container\">\n\t\t\t\t\t\t\t\t\t<div class=\"elementor-button-wrapper\">\n\t\t\t\t\t<a class=\"elementor-button elementor-button-link elementor-size-sm\" href=\"https:\/\/herenortherepub.com\/esp\/home\/\">\n\t\t\t\t\t\t<span class=\"elementor-button-content-wrapper\">\n\t\t\t\t\t\t<span class=\"elementor-button-icon\">\n\t\t\t\t<svg aria-hidden=\"true\" class=\"e-font-icon-svg e-fas-home\" viewbox=\"0 0 576 512\" xmlns=\"http:\/\/www.w3.org\/2000\/svg\"><path d=\"M280.37 148.26L96 300.11V464a16 16 0 0 0 16 16l112.06-.29a16 16 0 0 0 15.92-16V368a16 16 0 0 1 16-16h64a16 16 0 0 1 16 16v95.64a16 16 0 0 0 16 16.05L464 480a16 16 0 0 0 16-16V300L295.67 148.26a12.19 12.19 0 0 0-15.3 0zM571.6 251.47L488 182.56V44.05a12 12 0 0 0-12-12h-56a12 12 0 0 0-12 12v72.61L318.47 43a48 48 0 0 0-61 0L4.34 251.47a12 12 0 0 0-1.6 16.9l25.5 31A12 12 0 0 0 45.15 301l235.22-193.74a12.19 12.19 0 0 1 15.3 0L530.9 301a12 12 0 0 0 16.9-1.6l25.5-31a12 12 0 0 0-1.7-16.93z\"><\/path><\/svg>\t\t\t<\/span>\n\t\t\t\t\t\t\t\t\t<span class=\"elementor-button-text\">Volver a la p\u00e1gina de inicio<\/span>\n\t\t\t\t\t<\/span>\n\t\t\t\t\t<\/a>\n\t\t\t\t<\/div>\n\t\t\t\t\t\t\t\t<\/div>\n\t\t\t\t<\/div>\n\t\t\t\t<\/div>\n\t\t\t\t<\/div>\n\t\t\t\t\t<\/div>\n\t\t\t\t<\/div>\n\t\t\t\t<\/div>","protected":false},"excerpt":{"rendered":"<p>Letter to Our Readers Letter to Our Readers While I was in Peru, I visited the town my father was born and raised in, a pueblo in the Northern Andes. My family and I went hunting for four leaf clovers. I had never seen one before, but the Andes is filled with them.\u00a0 I felt &hellip;<\/p>\n<p class=\"read-more\"> <a class=\"\" href=\"https:\/\/herenortherepub.com\/esp\/dear-readers\/\"> <span class=\"screen-reader-text\">Queridos lectores<\/span> Leer m\u00e1s &quot;<\/a><\/p>","protected":false},"author":1,"featured_media":0,"parent":0,"menu_order":0,"comment_status":"closed","ping_status":"closed","template":"","meta":{"site-sidebar-layout":"no-sidebar","site-content-layout":"page-builder","ast-site-content-layout":"full-width-container","site-content-style":"default","site-sidebar-style":"default","ast-global-header-display":"","ast-banner-title-visibility":"","ast-main-header-display":"","ast-hfb-above-header-display":"","ast-hfb-below-header-display":"","ast-hfb-mobile-header-display":"","site-post-title":"disabled","ast-breadcrumbs-content":"","ast-featured-img":"disabled","footer-sml-layout":"","theme-transparent-header-meta":"","adv-header-id-meta":"","stick-header-meta":"","header-above-stick-meta":"","header-main-stick-meta":"","header-below-stick-meta":"","astra-migrate-meta-layouts":"set","ast-page-background-enabled":"default","ast-page-background-meta":{"desktop":{"background-color":"","background-image":"","background-repeat":"repeat","background-position":"center center","background-size":"auto","background-attachment":"scroll","background-type":"","background-media":"","overlay-type":"","overlay-color":"","overlay-gradient":""},"tablet":{"background-color":"","background-image":"","background-repeat":"repeat","background-position":"center center","background-size":"auto","background-attachment":"scroll","background-type":"","background-media":"","overlay-type":"","overlay-color":"","overlay-gradient":""},"mobile":{"background-color":"","background-image":"","background-repeat":"repeat","background-position":"center center","background-size":"auto","background-attachment":"scroll","background-type":"","background-media":"","overlay-type":"","overlay-color":"","overlay-gradient":""}},"ast-content-background-meta":{"desktop":{"background-color":"var(--ast-global-color-5)","background-image":"","background-repeat":"repeat","background-position":"center center","background-size":"auto","background-attachment":"scroll","background-type":"","background-media":"","overlay-type":"","overlay-color":"","overlay-gradient":""},"tablet":{"background-color":"var(--ast-global-color-5)","background-image":"","background-repeat":"repeat","background-position":"center center","background-size":"auto","background-attachment":"scroll","background-type":"","background-media":"","overlay-type":"","overlay-color":"","overlay-gradient":""},"mobile":{"background-color":"var(--ast-global-color-5)","background-image":"","background-repeat":"repeat","background-position":"center center","background-size":"auto","background-attachment":"scroll","background-type":"","background-media":"","overlay-type":"","overlay-color":"","overlay-gradient":""}},"footnotes":""},"class_list":["post-2404","page","type-page","status-publish","hentry"],"_links":{"self":[{"href":"https:\/\/herenortherepub.com\/esp\/wp-json\/wp\/v2\/pages\/2404","targetHints":{"allow":["GET"]}}],"collection":[{"href":"https:\/\/herenortherepub.com\/esp\/wp-json\/wp\/v2\/pages"}],"about":[{"href":"https:\/\/herenortherepub.com\/esp\/wp-json\/wp\/v2\/types\/page"}],"author":[{"embeddable":true,"href":"https:\/\/herenortherepub.com\/esp\/wp-json\/wp\/v2\/users\/1"}],"replies":[{"embeddable":true,"href":"https:\/\/herenortherepub.com\/esp\/wp-json\/wp\/v2\/comments?post=2404"}],"version-history":[{"count":46,"href":"https:\/\/herenortherepub.com\/esp\/wp-json\/wp\/v2\/pages\/2404\/revisions"}],"predecessor-version":[{"id":2847,"href":"https:\/\/herenortherepub.com\/esp\/wp-json\/wp\/v2\/pages\/2404\/revisions\/2847"}],"wp:attachment":[{"href":"https:\/\/herenortherepub.com\/esp\/wp-json\/wp\/v2\/media?parent=2404"}],"curies":[{"name":"wp","href":"https:\/\/api.w.org\/{rel}","templated":true}]}}