{"id":2390,"date":"2025-04-19T14:44:06","date_gmt":"2025-04-19T14:44:06","guid":{"rendered":"https:\/\/herenortherepub.com\/?page_id=2390"},"modified":"2025-05-18T14:23:16","modified_gmt":"2025-05-18T14:23:16","slug":"from-printer-paper","status":"publish","type":"page","link":"https:\/\/herenortherepub.com\/esp\/from-printer-paper\/","title":{"rendered":"Del papel de impresora"},"content":{"rendered":"<div data-elementor-type=\"wp-page\" data-elementor-id=\"2390\" class=\"elementor elementor-2390\" data-elementor-post-type=\"page\">\n\t\t\t\t<div class=\"elementor-element elementor-element-b4b7037 e-flex e-con-boxed elementor-invisible e-con e-parent\" data-id=\"b4b7037\" data-element_type=\"container\" data-e-type=\"container\" data-settings=\"{&quot;animation&quot;:&quot;fadeIn&quot;}\">\n\t\t\t\t\t<div class=\"e-con-inner\">\n\t\t<div class=\"elementor-element elementor-element-3130897 e-con-full e-flex e-con e-child\" data-id=\"3130897\" data-element_type=\"container\" data-e-type=\"container\">\n\t\t\t\t<div class=\"elementor-element elementor-element-e33c5cd elementor-widget elementor-widget-heading\" data-id=\"e33c5cd\" data-element_type=\"widget\" data-e-type=\"widget\" data-widget_type=\"heading.default\">\n\t\t\t\t<div class=\"elementor-widget-container\">\n\t\t\t\t\t<h2 class=\"elementor-heading-title elementor-size-default\">Del papel de impresora<\/h2>\t\t\t\t<\/div>\n\t\t\t\t<\/div>\n\t\t\t\t<div class=\"elementor-element elementor-element-37c35c8 elementor-widget elementor-widget-text-editor\" data-id=\"37c35c8\" data-element_type=\"widget\" data-e-type=\"widget\" data-widget_type=\"text-editor.default\">\n\t\t\t\t<div class=\"elementor-widget-container\">\n\t\t\t\t\t\t\t\t\t<p>ANDR\u00c9S YANG<\/p>\t\t\t\t\t\t\t\t<\/div>\n\t\t\t\t<\/div>\n\t\t\t\t<\/div>\n\t\t\t\t\t<\/div>\n\t\t\t\t<\/div>\n\t\t<div class=\"elementor-element elementor-element-65337e8 e-flex e-con-boxed elementor-invisible e-con e-parent\" data-id=\"65337e8\" data-element_type=\"container\" data-e-type=\"container\" data-settings=\"{&quot;animation&quot;:&quot;fadeIn&quot;}\">\n\t\t\t\t\t<div class=\"e-con-inner\">\n\t\t\t\t<div class=\"elementor-element elementor-element-2db2657 elementor-invisible elementor-widget elementor-widget-text-editor\" data-id=\"2db2657\" data-element_type=\"widget\" data-e-type=\"widget\" data-settings=\"{&quot;_animation&quot;:&quot;fadeIn&quot;}\" data-widget_type=\"text-editor.default\">\n\t\t\t\t<div class=\"elementor-widget-container\">\n\t\t\t\t\t\t\t\t\t<p style=\"text-align: center;\"><span style=\"font-weight: 400;\">Crecer en un hogar de inmigrantes a menudo implicaba sacrificar mis pasiones debido a las dificultades econ\u00f3micas y la abrumadora expectativa de alcanzar la movilidad social. De peque\u00f1a, cuando quer\u00eda un juguete nuevo pero no pod\u00eda permit\u00edrmelo, recurr\u00eda al origami, doblando algo diferente con el papel de impresora que ten\u00edamos en casa. Lo que empez\u00f3 como una forma de crear juguetes se transform\u00f3 en una v\u00eda de escape emocional significativa: el origami se convirti\u00f3 en una extensi\u00f3n de m\u00ed. Los obst\u00e1culos y los momentos de logro formaron los valles y las monta\u00f1as de mis modelos.<\/span><\/p>\n<p style=\"font-size: 18px; font-style: normal; text-align: center;\">Incluso ahora, como adulto con m\u00e1s recursos, sigo optando por doblar principalmente con papel normal. El principio de usar recursos accesibles preserva mi dedicaci\u00f3n infantil a superar mis l\u00edmites sin importar las circunstancias. As\u00ed que paso incontables horas pegando hojas de papel para hacer otras m\u00e1s grandes: estudiando, dise\u00f1ando, doblando y explorando complejidades previamente inexploradas con papel barato. Estoy decidido a aprovechar la naturaleza infinita del origami para infundir valor a las cosas insignificantes.<\/p>\t\t\t\t\t\t\t\t<\/div>\n\t\t\t\t<\/div>\n\t\t\t\t\t<\/div>\n\t\t\t\t<\/div>\n\t\t<div class=\"elementor-element elementor-element-6ae6e29 e-flex e-con-boxed e-con e-parent\" data-id=\"6ae6e29\" data-element_type=\"container\" data-e-type=\"container\">\n\t\t\t\t\t<div class=\"e-con-inner\">\n\t\t\t\t<div class=\"elementor-element elementor-element-f912cff elementor-invisible elementor-widget elementor-widget-image\" data-id=\"f912cff\" data-element_type=\"widget\" data-e-type=\"widget\" data-settings=\"{&quot;motion_fx_motion_fx_mouse&quot;:&quot;yes&quot;,&quot;motion_fx_tilt_effect&quot;:&quot;yes&quot;,&quot;_animation&quot;:&quot;fadeIn&quot;,&quot;motion_fx_tilt_speed&quot;:{&quot;unit&quot;:&quot;px&quot;,&quot;size&quot;:4,&quot;sizes&quot;:[]}}\" data-widget_type=\"image.default\">\n\t\t\t\t<div class=\"elementor-widget-container\">\n\t\t\t\t\t\t\t\t\t\t\t\t<figure class=\"wp-caption\">\n\t\t\t\t\t\t\t\t\t\t<img fetchpriority=\"high\" decoding=\"async\" width=\"1024\" height=\"987\" src=\"https:\/\/herenortherepub.com\/wp-content\/uploads\/2025\/05\/website-background-29-1-1024x987.png\" class=\"attachment-large size-large wp-image-2563\" alt=\"\" srcset=\"https:\/\/herenortherepub.com\/wp-content\/uploads\/2025\/05\/website-background-29-1-1024x987.png 1024w, https:\/\/herenortherepub.com\/wp-content\/uploads\/2025\/05\/website-background-29-1-300x289.png 300w, https:\/\/herenortherepub.com\/wp-content\/uploads\/2025\/05\/website-background-29-1-768x740.png 768w, https:\/\/herenortherepub.com\/wp-content\/uploads\/2025\/05\/website-background-29-1-12x12.png 12w, https:\/\/herenortherepub.com\/wp-content\/uploads\/2025\/05\/website-background-29-1.png 1366w\" sizes=\"(max-width: 1024px) 100vw, 1024px\" \/>\t\t\t\t\t\t\t\t\t\t\t<figcaption class=\"widget-image-caption wp-caption-text\">\u3069\u3053\u307e\u3067\u3082\u300c\u82b1\u300d(Sin fin, &#039;Flor&#039;) de \u5f35\u66ff\u4eae\u5b50 (Harikae Ry\u014dko) <\/figcaption>\n\t\t\t\t\t\t\t\t\t\t<\/figure>\n\t\t\t\t\t\t\t\t\t<\/div>\n\t\t\t\t<\/div>\n\t\t\t\t\t<\/div>\n\t\t\t\t<\/div>\n\t\t<div class=\"elementor-element elementor-element-4d2499b e-flex e-con-boxed elementor-invisible e-con e-parent\" data-id=\"4d2499b\" data-element_type=\"container\" data-e-type=\"container\" data-settings=\"{&quot;animation&quot;:&quot;fadeIn&quot;}\">\n\t\t\t\t\t<div class=\"e-con-inner\">\n\t\t\t\t<div class=\"elementor-element elementor-element-3feb0d9 elementor-invisible elementor-widget elementor-widget-text-editor\" data-id=\"3feb0d9\" data-element_type=\"widget\" data-e-type=\"widget\" data-settings=\"{&quot;_animation&quot;:&quot;fadeIn&quot;}\" data-widget_type=\"text-editor.default\">\n\t\t\t\t<div class=\"elementor-widget-container\">\n\t\t\t\t\t\t\t\t\t<p style=\"text-align: center;\"><span style=\"font-style: inherit;\">El verano pasado, sal\u00ed de Estados Unidos por primera vez desde que ten\u00eda siete a\u00f1os y viaj\u00e9 a China y Jap\u00f3n. En China, dobl\u00e9 la Hortensia de Shuzo Fujimoto con un hermoso papel de caligraf\u00eda. Siempre la hab\u00eda hecho de peque\u00f1a, y hacerlo de adulta con un papel especial encarnaba el crecimiento que hab\u00eda experimentado como hija de inmigrantes. Despu\u00e9s de China, me encontr\u00e9 con lo que parec\u00eda ser una pieza de flores de cerezo teseladas llamada \u3069\u3053\u307e\u3067\u3082\u300c\u82b1\u300d(Endless, &#039;Flor&#039;) de \u5f35\u66ff\u4eae\u5b50 (Harikae Ry\u014dko) en un museo de origami japon\u00e9s. Conmovida por el dise\u00f1o, hice una versi\u00f3n de ingenier\u00eda inversa despu\u00e9s de regresar a Estados Unidos. A pesar de tener acceso a m\u00e1s, segu\u00ed usando el mismo papel blanco de impresora con el que siempre he creado, honrando mi pasado y plegando mi historia de hija de inmigrantes en cada pliegue.<\/span><\/p>\t\t\t\t\t\t\t\t<\/div>\n\t\t\t\t<\/div>\n\t\t\t\t\t<\/div>\n\t\t\t\t<\/div>\n\t\t<div class=\"elementor-element elementor-element-2aeaaa8 e-flex e-con-boxed e-con e-parent\" data-id=\"2aeaaa8\" data-element_type=\"container\" data-e-type=\"container\">\n\t\t\t\t\t<div class=\"e-con-inner\">\n\t\t\t\t<div class=\"elementor-element elementor-element-a3016b2 elementor-invisible elementor-widget elementor-widget-image\" data-id=\"a3016b2\" data-element_type=\"widget\" data-e-type=\"widget\" data-settings=\"{&quot;_animation&quot;:&quot;fadeIn&quot;}\" data-widget_type=\"image.default\">\n\t\t\t\t<div class=\"elementor-widget-container\">\n\t\t\t\t\t\t\t\t\t\t\t\t<figure class=\"wp-caption\">\n\t\t\t\t\t\t\t\t\t\t<img decoding=\"async\" width=\"768\" height=\"1024\" src=\"https:\/\/herenortherepub.com\/wp-content\/uploads\/2025\/04\/AndrewYang_origami_hydrangea-Andrew-Yang-2-768x1024.jpg\" class=\"attachment-large size-large wp-image-2427\" alt=\"\" srcset=\"https:\/\/herenortherepub.com\/wp-content\/uploads\/2025\/04\/AndrewYang_origami_hydrangea-Andrew-Yang-2-768x1024.jpg 768w, https:\/\/herenortherepub.com\/wp-content\/uploads\/2025\/04\/AndrewYang_origami_hydrangea-Andrew-Yang-2-225x300.jpg 225w, https:\/\/herenortherepub.com\/wp-content\/uploads\/2025\/04\/AndrewYang_origami_hydrangea-Andrew-Yang-2-1152x1536.jpg 1152w, https:\/\/herenortherepub.com\/wp-content\/uploads\/2025\/04\/AndrewYang_origami_hydrangea-Andrew-Yang-2-1536x2048.jpg 1536w, https:\/\/herenortherepub.com\/wp-content\/uploads\/2025\/04\/AndrewYang_origami_hydrangea-Andrew-Yang-2-9x12.jpg 9w, https:\/\/herenortherepub.com\/wp-content\/uploads\/2025\/04\/AndrewYang_origami_hydrangea-Andrew-Yang-2-scaled.jpg 1920w\" sizes=\"(max-width: 768px) 100vw, 768px\" \/>\t\t\t\t\t\t\t\t\t\t\t<figcaption class=\"widget-image-caption wp-caption-text\">Hortensia de Shuzo Fujimoto<\/figcaption>\n\t\t\t\t\t\t\t\t\t\t<\/figure>\n\t\t\t\t\t\t\t\t\t<\/div>\n\t\t\t\t<\/div>\n\t\t\t\t\t<\/div>\n\t\t\t\t<\/div>\n\t\t<div class=\"elementor-element elementor-element-c471918 e-flex e-con-boxed e-con e-parent\" data-id=\"c471918\" data-element_type=\"container\" data-e-type=\"container\">\n\t\t\t\t\t<div class=\"e-con-inner\">\n\t\t<div class=\"elementor-element elementor-element-97854cd e-con-full e-flex e-con e-child\" data-id=\"97854cd\" data-element_type=\"container\" data-e-type=\"container\">\n\t\t\t\t<div class=\"elementor-element elementor-element-2ac2bbd elementor-widget elementor-widget-image\" data-id=\"2ac2bbd\" data-element_type=\"widget\" data-e-type=\"widget\" data-widget_type=\"image.default\">\n\t\t\t\t<div class=\"elementor-widget-container\">\n\t\t\t\t\t\t\t\t\t\t\t\t\t\t\t<img decoding=\"async\" width=\"1024\" height=\"993\" src=\"https:\/\/herenortherepub.com\/wp-content\/uploads\/2025\/05\/Screenshot-2025-05-08-at-5.48.45\u202fPM-1024x993.png\" class=\"attachment-large size-large wp-image-2501\" alt=\"\" srcset=\"https:\/\/herenortherepub.com\/wp-content\/uploads\/2025\/05\/Screenshot-2025-05-08-at-5.48.45\u202fPM-1024x993.png 1024w, https:\/\/herenortherepub.com\/wp-content\/uploads\/2025\/05\/Screenshot-2025-05-08-at-5.48.45\u202fPM-300x291.png 300w, https:\/\/herenortherepub.com\/wp-content\/uploads\/2025\/05\/Screenshot-2025-05-08-at-5.48.45\u202fPM-768x745.png 768w, https:\/\/herenortherepub.com\/wp-content\/uploads\/2025\/05\/Screenshot-2025-05-08-at-5.48.45\u202fPM-12x12.png 12w, https:\/\/herenortherepub.com\/wp-content\/uploads\/2025\/05\/Screenshot-2025-05-08-at-5.48.45\u202fPM.png 1440w\" sizes=\"(max-width: 1024px) 100vw, 1024px\" \/>\t\t\t\t\t\t\t\t\t\t\t\t\t\t\t<\/div>\n\t\t\t\t<\/div>\n\t\t\t\t<\/div>\n\t\t<div class=\"elementor-element elementor-element-7a885fe e-con-full e-flex e-con e-child\" data-id=\"7a885fe\" data-element_type=\"container\" data-e-type=\"container\">\n\t\t\t\t<div class=\"elementor-element elementor-element-a56d06d elementor-widget elementor-widget-text-editor\" data-id=\"a56d06d\" data-element_type=\"widget\" data-e-type=\"widget\" data-widget_type=\"text-editor.default\">\n\t\t\t\t<div class=\"elementor-widget-container\">\n\t\t\t\t\t\t\t\t\t<h3 style=\"text-align: right;\"><span style=\"color: #eeeee6; font-kerning: none;\">Andr\u00e9s Yang<\/span><\/h3><div><p style=\"text-align: right;\">Andrew Yang creci\u00f3 en el centro de Florida, donde descubri\u00f3 su pasi\u00f3n por el origami desde muy joven. Tras mudarse al \u00e1rea metropolitana de Boston durante la secundaria, pas\u00f3 la preparatoria trabajando en startups de impacto social, organizando iniciativas comunitarias y abogando por la inclusi\u00f3n de la historia asi\u00e1tico-americana en el curr\u00edculo de las escuelas p\u00fablicas de Massachusetts. Recibi\u00f3 el Premio Princeton en Relaciones Raciales en 2022 por su trabajo.<\/p><p style=\"text-align: right;\">Actualmente, cursa su segundo a\u00f1o en Harvard estudiando Inform\u00e1tica, Sociolog\u00eda y Espa\u00f1ol. Lidera el desarrollo de software pro bono para organizaciones sin fines de lucro y proyectos de inversi\u00f3n de impacto estudiantil. En su tiempo libre, disfruta haciendo teselados de origami.<\/p><\/div>\t\t\t\t\t\t\t\t<\/div>\n\t\t\t\t<\/div>\n\t\t\t\t<div class=\"elementor-element elementor-element-2a34243 elementor-grid-1 e-grid-align-right elementor-widget__width-initial elementor-shape-rounded elementor-widget elementor-widget-social-icons\" data-id=\"2a34243\" data-element_type=\"widget\" data-e-type=\"widget\" data-widget_type=\"social-icons.default\">\n\t\t\t\t<div class=\"elementor-widget-container\">\n\t\t\t\t\t\t\t<div class=\"elementor-social-icons-wrapper elementor-grid\">\n\t\t\t\t\t\t\t<span class=\"elementor-grid-item\">\n\t\t\t\t\t<a class=\"elementor-icon elementor-social-icon elementor-social-icon-instagram elementor-repeater-item-625e53f\" href=\"https:\/\/www.instagram.com\/_andrew\" target=\"_blank\">\n\t\t\t\t\t\t<span class=\"elementor-screen-only\">Instagram<\/span>\n\t\t\t\t\t\t<svg aria-hidden=\"true\" class=\"e-font-icon-svg e-fab-instagram\" viewbox=\"0 0 448 512\" xmlns=\"http:\/\/www.w3.org\/2000\/svg\"><path d=\"M224.1 141c-63.6 0-114.9 51.3-114.9 114.9s51.3 114.9 114.9 114.9S339 319.5 339 255.9 287.7 141 224.1 141zm0 189.6c-41.1 0-74.7-33.5-74.7-74.7s33.5-74.7 74.7-74.7 74.7 33.5 74.7 74.7-33.6 74.7-74.7 74.7zm146.4-194.3c0 14.9-12 26.8-26.8 26.8-14.9 0-26.8-12-26.8-26.8s12-26.8 26.8-26.8 26.8 12 26.8 26.8zm76.1 27.2c-1.7-35.9-9.9-67.7-36.2-93.9-26.2-26.2-58-34.4-93.9-36.2-37-2.1-147.9-2.1-184.9 0-35.8 1.7-67.6 9.9-93.9 36.1s-34.4 58-36.2 93.9c-2.1 37-2.1 147.9 0 184.9 1.7 35.9 9.9 67.7 36.2 93.9s58 34.4 93.9 36.2c37 2.1 147.9 2.1 184.9 0 35.9-1.7 67.7-9.9 93.9-36.2 26.2-26.2 34.4-58 36.2-93.9 2.1-37 2.1-147.8 0-184.8zM398.8 388c-7.8 19.6-22.9 34.7-42.6 42.6-29.5 11.7-99.5 9-132.1 9s-102.7 2.6-132.1-9c-19.6-7.8-34.7-22.9-42.6-42.6-11.7-29.5-9-99.5-9-132.1s-2.6-102.7 9-132.1c7.8-19.6 22.9-34.7 42.6-42.6 29.5-11.7 99.5-9 132.1-9s102.7-2.6 132.1 9c19.6 7.8 34.7 22.9 42.6 42.6 11.7 29.5 9 99.5 9 132.1s2.7 102.7-9 132.1z\"><\/path><\/svg>\t\t\t\t\t<\/a>\n\t\t\t\t<\/span>\n\t\t\t\t\t<\/div>\n\t\t\t\t\t\t<\/div>\n\t\t\t\t<\/div>\n\t\t\t\t<\/div>\n\t\t\t\t\t<\/div>\n\t\t\t\t<\/div>\n\t\t<div class=\"elementor-element elementor-element-640715a e-flex e-con-boxed e-con e-parent\" data-id=\"640715a\" data-element_type=\"container\" data-e-type=\"container\">\n\t\t\t\t\t<div class=\"e-con-inner\">\n\t\t<div class=\"elementor-element elementor-element-f9eaea6 e-con-full e-flex e-con e-child\" data-id=\"f9eaea6\" data-element_type=\"container\" data-e-type=\"container\">\n\t\t\t\t<div class=\"elementor-element elementor-element-b1c3edd elementor-align-center elementor-widget elementor-widget-button\" data-id=\"b1c3edd\" data-element_type=\"widget\" data-e-type=\"widget\" data-widget_type=\"button.default\">\n\t\t\t\t<div class=\"elementor-widget-container\">\n\t\t\t\t\t\t\t\t\t<div class=\"elementor-button-wrapper\">\n\t\t\t\t\t<a class=\"elementor-button elementor-button-link elementor-size-sm\" href=\"https:\/\/herenortherepub.com\/esp\/home\/\">\n\t\t\t\t\t\t<span class=\"elementor-button-content-wrapper\">\n\t\t\t\t\t\t<span class=\"elementor-button-icon\">\n\t\t\t\t<svg aria-hidden=\"true\" class=\"e-font-icon-svg e-fas-home\" viewbox=\"0 0 576 512\" xmlns=\"http:\/\/www.w3.org\/2000\/svg\"><path d=\"M280.37 148.26L96 300.11V464a16 16 0 0 0 16 16l112.06-.29a16 16 0 0 0 15.92-16V368a16 16 0 0 1 16-16h64a16 16 0 0 1 16 16v95.64a16 16 0 0 0 16 16.05L464 480a16 16 0 0 0 16-16V300L295.67 148.26a12.19 12.19 0 0 0-15.3 0zM571.6 251.47L488 182.56V44.05a12 12 0 0 0-12-12h-56a12 12 0 0 0-12 12v72.61L318.47 43a48 48 0 0 0-61 0L4.34 251.47a12 12 0 0 0-1.6 16.9l25.5 31A12 12 0 0 0 45.15 301l235.22-193.74a12.19 12.19 0 0 1 15.3 0L530.9 301a12 12 0 0 0 16.9-1.6l25.5-31a12 12 0 0 0-1.7-16.93z\"><\/path><\/svg>\t\t\t<\/span>\n\t\t\t\t\t\t\t\t\t<span class=\"elementor-button-text\">Volver a la p\u00e1gina de inicio<\/span>\n\t\t\t\t\t<\/span>\n\t\t\t\t\t<\/a>\n\t\t\t\t<\/div>\n\t\t\t\t\t\t\t\t<\/div>\n\t\t\t\t<\/div>\n\t\t\t\t<\/div>\n\t\t\t\t\t<\/div>\n\t\t\t\t<\/div>\n\t\t\t\t<\/div>","protected":false},"excerpt":{"rendered":"<p>From Printer Paper ANDREW YANG Growing up in an immigrant household frequently meant sacrificing my passions because of financial hardship and an overwhelming expectation to achieve social mobility. As a young child, when I wanted a new toy but couldn\u2019t afford one, I turned to origami, folding something else from the printer paper we had &hellip;<\/p>\n<p class=\"read-more\"> <a class=\"\" href=\"https:\/\/herenortherepub.com\/esp\/from-printer-paper\/\"> <span class=\"screen-reader-text\">Del papel de impresora<\/span> Leer m\u00e1s &quot;<\/a><\/p>","protected":false},"author":1,"featured_media":0,"parent":0,"menu_order":0,"comment_status":"closed","ping_status":"closed","template":"","meta":{"site-sidebar-layout":"no-sidebar","site-content-layout":"page-builder","ast-site-content-layout":"full-width-container","site-content-style":"default","site-sidebar-style":"default","ast-global-header-display":"","ast-banner-title-visibility":"","ast-main-header-display":"","ast-hfb-above-header-display":"","ast-hfb-below-header-display":"","ast-hfb-mobile-header-display":"","site-post-title":"disabled","ast-breadcrumbs-content":"","ast-featured-img":"disabled","footer-sml-layout":"","theme-transparent-header-meta":"","adv-header-id-meta":"","stick-header-meta":"","header-above-stick-meta":"","header-main-stick-meta":"","header-below-stick-meta":"","astra-migrate-meta-layouts":"set","ast-page-background-enabled":"default","ast-page-background-meta":{"desktop":{"background-color":"","background-image":"","background-repeat":"repeat","background-position":"center center","background-size":"auto","background-attachment":"scroll","background-type":"","background-media":"","overlay-type":"","overlay-color":"","overlay-gradient":""},"tablet":{"background-color":"","background-image":"","background-repeat":"repeat","background-position":"center center","background-size":"auto","background-attachment":"scroll","background-type":"","background-media":"","overlay-type":"","overlay-color":"","overlay-gradient":""},"mobile":{"background-color":"","background-image":"","background-repeat":"repeat","background-position":"center center","background-size":"auto","background-attachment":"scroll","background-type":"","background-media":"","overlay-type":"","overlay-color":"","overlay-gradient":""}},"ast-content-background-meta":{"desktop":{"background-color":"var(--ast-global-color-5)","background-image":"","background-repeat":"repeat","background-position":"center center","background-size":"auto","background-attachment":"scroll","background-type":"","background-media":"","overlay-type":"","overlay-color":"","overlay-gradient":""},"tablet":{"background-color":"var(--ast-global-color-5)","background-image":"","background-repeat":"repeat","background-position":"center center","background-size":"auto","background-attachment":"scroll","background-type":"","background-media":"","overlay-type":"","overlay-color":"","overlay-gradient":""},"mobile":{"background-color":"var(--ast-global-color-5)","background-image":"","background-repeat":"repeat","background-position":"center center","background-size":"auto","background-attachment":"scroll","background-type":"","background-media":"","overlay-type":"","overlay-color":"","overlay-gradient":""}},"footnotes":""},"class_list":["post-2390","page","type-page","status-publish","hentry"],"_links":{"self":[{"href":"https:\/\/herenortherepub.com\/esp\/wp-json\/wp\/v2\/pages\/2390","targetHints":{"allow":["GET"]}}],"collection":[{"href":"https:\/\/herenortherepub.com\/esp\/wp-json\/wp\/v2\/pages"}],"about":[{"href":"https:\/\/herenortherepub.com\/esp\/wp-json\/wp\/v2\/types\/page"}],"author":[{"embeddable":true,"href":"https:\/\/herenortherepub.com\/esp\/wp-json\/wp\/v2\/users\/1"}],"replies":[{"embeddable":true,"href":"https:\/\/herenortherepub.com\/esp\/wp-json\/wp\/v2\/comments?post=2390"}],"version-history":[{"count":49,"href":"https:\/\/herenortherepub.com\/esp\/wp-json\/wp\/v2\/pages\/2390\/revisions"}],"predecessor-version":[{"id":2629,"href":"https:\/\/herenortherepub.com\/esp\/wp-json\/wp\/v2\/pages\/2390\/revisions\/2629"}],"wp:attachment":[{"href":"https:\/\/herenortherepub.com\/esp\/wp-json\/wp\/v2\/media?parent=2390"}],"curies":[{"name":"wp","href":"https:\/\/api.w.org\/{rel}","templated":true}]}}